{"id":321,"date":"2021-02-15T08:41:02","date_gmt":"2021-02-15T07:41:02","guid":{"rendered":"http:\/\/leslocationsdestephanie.fr\/?page_id=321"},"modified":"2023-09-20T16:45:32","modified_gmt":"2023-09-20T14:45:32","slug":"le-studio-des-hautes-vosges","status":"publish","type":"page","link":"https:\/\/leslocationsdestephanie.fr\/index.php\/le-studio-des-hautes-vosges\/","title":{"rendered":"Le studio des Hautes Vosges"},"content":{"rendered":"\n<p>Un petit studio climatis\u00e9 pour 2 adultes et 1 enfant .<\/p>\n\n\n\n<figure class=\"wp-block-image\"><img decoding=\"async\" loading=\"lazy\" width=\"1024\" height=\"769\" src=\"http:\/\/leslocationsdestephanie.fr\/wp-content\/uploads\/2021\/02\/P1010330m-1024x769.jpg\" alt=\"\" class=\"wp-image-356\" srcset=\"https:\/\/leslocationsdestephanie.fr\/wp-content\/uploads\/2021\/02\/P1010330m-1024x769.jpg 1024w, https:\/\/leslocationsdestephanie.fr\/wp-content\/uploads\/2021\/02\/P1010330m-300x225.jpg 300w, https:\/\/leslocationsdestephanie.fr\/wp-content\/uploads\/2021\/02\/P1010330m-768x577.jpg 768w\" sizes=\"(max-width: 767px) 89vw, (max-width: 1000px) 54vw, (max-width: 1071px) 543px, 580px\" \/><\/figure>\n\n\n\n<p>Situ\u00e9 au c\u0153ur du village de Sondernach au deuxi\u00e8me \u00e9tage d&rsquo;une petite copropri\u00e9t\u00e9 avec une grande cour int\u00e9rieur et un espace vert partag\u00e9.<\/p>\n<p>&nbsp;<\/p>\n\n\n\n<figure class=\"wp-block-image\"><img decoding=\"async\" loading=\"lazy\" width=\"1024\" height=\"769\" src=\"http:\/\/leslocationsdestephanie.fr\/wp-content\/uploads\/2021\/02\/P1010307-1024x769.jpg\" alt=\"\" class=\"wp-image-365\" srcset=\"https:\/\/leslocationsdestephanie.fr\/wp-content\/uploads\/2021\/02\/P1010307-1024x769.jpg 1024w, https:\/\/leslocationsdestephanie.fr\/wp-content\/uploads\/2021\/02\/P1010307-300x225.jpg 300w, https:\/\/leslocationsdestephanie.fr\/wp-content\/uploads\/2021\/02\/P1010307-768x577.jpg 768w\" sizes=\"(max-width: 767px) 89vw, (max-width: 1000px) 54vw, (max-width: 1071px) 543px, 580px\" \/><\/figure>\n\n\n\n<figure class=\"wp-block-image\"><img decoding=\"async\" loading=\"lazy\" width=\"1024\" height=\"769\" src=\"http:\/\/leslocationsdestephanie.fr\/wp-content\/uploads\/2021\/02\/P1010306-1024x769.jpg\" alt=\"\" class=\"wp-image-370\" srcset=\"https:\/\/leslocationsdestephanie.fr\/wp-content\/uploads\/2021\/02\/P1010306-1024x769.jpg 1024w, https:\/\/leslocationsdestephanie.fr\/wp-content\/uploads\/2021\/02\/P1010306-300x225.jpg 300w, https:\/\/leslocationsdestephanie.fr\/wp-content\/uploads\/2021\/02\/P1010306-768x577.jpg 768w\" sizes=\"(max-width: 767px) 89vw, (max-width: 1000px) 54vw, (max-width: 1071px) 543px, 580px\" \/><\/figure>\n\n\n\n<p>Une petite cuisine \u00e9quip\u00e9e d\u2019un r\u00e9frig\u00e9rateur, cuisini\u00e8re \u00e9lectrique, micro-onde, cafeti\u00e8re et bouilloire.<\/p>\n\n\n\n<figure class=\"wp-block-image\"><img decoding=\"async\" loading=\"lazy\" width=\"1024\" height=\"769\" src=\"http:\/\/leslocationsdestephanie.fr\/wp-content\/uploads\/2021\/02\/P1010314-1024x769.jpg\" alt=\"\" class=\"wp-image-368\" srcset=\"https:\/\/leslocationsdestephanie.fr\/wp-content\/uploads\/2021\/02\/P1010314-1024x769.jpg 1024w, https:\/\/leslocationsdestephanie.fr\/wp-content\/uploads\/2021\/02\/P1010314-300x225.jpg 300w, https:\/\/leslocationsdestephanie.fr\/wp-content\/uploads\/2021\/02\/P1010314-768x577.jpg 768w\" sizes=\"(max-width: 767px) 89vw, (max-width: 1000px) 54vw, (max-width: 1071px) 543px, 580px\" \/><\/figure>\n\n\n\n<figure class=\"wp-block-image\"><img decoding=\"async\" loading=\"lazy\" width=\"1024\" height=\"769\" src=\"http:\/\/leslocationsdestephanie.fr\/wp-content\/uploads\/2021\/02\/P1010313-1024x769.jpg\" alt=\"\" class=\"wp-image-369\" srcset=\"https:\/\/leslocationsdestephanie.fr\/wp-content\/uploads\/2021\/02\/P1010313-1024x769.jpg 1024w, https:\/\/leslocationsdestephanie.fr\/wp-content\/uploads\/2021\/02\/P1010313-300x225.jpg 300w, https:\/\/leslocationsdestephanie.fr\/wp-content\/uploads\/2021\/02\/P1010313-768x577.jpg 768w\" sizes=\"(max-width: 767px) 89vw, (max-width: 1000px) 54vw, (max-width: 1071px) 543px, 580px\" \/><\/figure>\n\n\n\n<p>Une salle de bain avec toilette, lavabo, baignoire avec douche.<\/p>\n\n\n\n<figure class=\"wp-block-image\"><img decoding=\"async\" loading=\"lazy\" width=\"1024\" height=\"768\" src=\"http:\/\/leslocationsdestephanie.fr\/wp-content\/uploads\/2021\/02\/150968922_535744767400410_65335559085478975_n-1024x768.jpg\" alt=\"\" class=\"wp-image-379\" srcset=\"https:\/\/leslocationsdestephanie.fr\/wp-content\/uploads\/2021\/02\/150968922_535744767400410_65335559085478975_n-1024x768.jpg 1024w, https:\/\/leslocationsdestephanie.fr\/wp-content\/uploads\/2021\/02\/150968922_535744767400410_65335559085478975_n-300x225.jpg 300w, https:\/\/leslocationsdestephanie.fr\/wp-content\/uploads\/2021\/02\/150968922_535744767400410_65335559085478975_n-768x576.jpg 768w, https:\/\/leslocationsdestephanie.fr\/wp-content\/uploads\/2021\/02\/150968922_535744767400410_65335559085478975_n.jpg 1920w\" sizes=\"(max-width: 767px) 89vw, (max-width: 1000px) 54vw, (max-width: 1071px) 543px, 580px\" \/><figcaption class=\"wp-element-caption\">Coin repas<\/figcaption><\/figure>\n\n\n\n<figure class=\"wp-block-image\"><img decoding=\"async\" loading=\"lazy\" width=\"1024\" height=\"769\" src=\"http:\/\/leslocationsdestephanie.fr\/wp-content\/uploads\/2021\/02\/P1010308-1024x769.jpg\" alt=\"\" class=\"wp-image-375\" srcset=\"https:\/\/leslocationsdestephanie.fr\/wp-content\/uploads\/2021\/02\/P1010308-1024x769.jpg 1024w, https:\/\/leslocationsdestephanie.fr\/wp-content\/uploads\/2021\/02\/P1010308-300x225.jpg 300w, https:\/\/leslocationsdestephanie.fr\/wp-content\/uploads\/2021\/02\/P1010308-768x577.jpg 768w\" sizes=\"(max-width: 767px) 89vw, (max-width: 1000px) 54vw, (max-width: 1071px) 543px, 580px\" \/><figcaption class=\"wp-element-caption\">Petit bar<\/figcaption><\/figure>\n\n\n\n<figure class=\"wp-block-image\"><img decoding=\"async\" loading=\"lazy\" width=\"1024\" height=\"769\" src=\"http:\/\/leslocationsdestephanie.fr\/wp-content\/uploads\/2021\/02\/P1010323-1024x769.jpg\" alt=\"\" class=\"wp-image-376\" srcset=\"https:\/\/leslocationsdestephanie.fr\/wp-content\/uploads\/2021\/02\/P1010323-1024x769.jpg 1024w, https:\/\/leslocationsdestephanie.fr\/wp-content\/uploads\/2021\/02\/P1010323-300x225.jpg 300w, https:\/\/leslocationsdestephanie.fr\/wp-content\/uploads\/2021\/02\/P1010323-768x577.jpg 768w\" sizes=\"(max-width: 767px) 89vw, (max-width: 1000px) 54vw, (max-width: 1071px) 543px, 580px\" \/><figcaption class=\"wp-element-caption\">Coin chambre et petit salon<\/figcaption><\/figure>\n\n\n\n<p>Une chambre pouvant accueillir deux adultes ( lit 140*200 ) et un enfant ( lit 90*200 )<\/p>\n<p>Un coin salon, Internet haut d\u00e9bit ( fibre ), WIFI, TV avec 160 chaines, une radio FM<\/p>\n<p><strong>Les animaux ne sont pas accept\u00e9s .<\/strong><\/p>\n\n\n\n<div class=\"wp-block-button aligncenter\"><a class=\"wp-block-button__link wp-element-button\" href=\"https:\/\/www.booking.com\/hotel\/fr\/les-locations-de-stephanie-les-hautes-vosges.fr.html?aid=2369661&amp;label=msn-cmvrz2iIJvoSCIe32hC%252AfA-79989658705793%2525253Atikwd-79989834233190%2525253Aloc-66%2525253Aneo%2525253Amte%2525253Alp116367%2525253Adec%2525253Aqsbooking&amp;sid=f87e1b775da1abc8726c409955dff0e1&amp;dest_id=-1471221;dest_type=city;dist=0;group_adults=2;group_children=0;hapos=9;hpos=9;no_rooms=1;req_adults=2;req_children=0;room1=A%2CA;sb_price_type=total;sr_order=popularity;srepoch=1695220358;srpvid=5f2c6641a9a40044;type=total;ucfs=1&amp;#hotelTmpl\" target=\"_blank\" rel=\"noreferrer noopener\">Tarifs et r\u00e9servation<br><\/a><\/div>\n\n\n","protected":false},"excerpt":{"rendered":"<p>Un petit studio climatis\u00e9 pour 2 adultes et 1 enfant . Situ\u00e9 au c\u0153ur du village de Sondernach au deuxi\u00e8me \u00e9tage d&rsquo;une petite copropri\u00e9t\u00e9 avec une grande cour int\u00e9rieur et un espace vert partag\u00e9. &nbsp; Une petite cuisine \u00e9quip\u00e9e d\u2019un r\u00e9frig\u00e9rateur, cuisini\u00e8re \u00e9lectrique, micro-onde, cafeti\u00e8re et bouilloire. Une salle de bain avec toilette, lavabo, baignoire &hellip; <\/p>\n<p class=\"link-more\"><a href=\"https:\/\/leslocationsdestephanie.fr\/index.php\/le-studio-des-hautes-vosges\/\" class=\"more-link\">Continuer la lecture<span class=\"screen-reader-text\"> de &laquo;&nbsp;Le studio des Hautes Vosges&nbsp;&raquo;<\/span><\/a><\/p>\n","protected":false},"author":1,"featured_media":0,"parent":0,"menu_order":0,"comment_status":"closed","ping_status":"closed","template":"","meta":{"ngg_post_thumbnail":0,"footnotes":""},"_links":{"self":[{"href":"https:\/\/leslocationsdestephanie.fr\/index.php\/wp-json\/wp\/v2\/pages\/321"}],"collection":[{"href":"https:\/\/leslocationsdestephanie.fr\/index.php\/wp-json\/wp\/v2\/pages"}],"about":[{"href":"https:\/\/leslocationsdestephanie.fr\/index.php\/wp-json\/wp\/v2\/types\/page"}],"author":[{"embeddable":true,"href":"https:\/\/leslocationsdestephanie.fr\/index.php\/wp-json\/wp\/v2\/users\/1"}],"replies":[{"embeddable":true,"href":"https:\/\/leslocationsdestephanie.fr\/index.php\/wp-json\/wp\/v2\/comments?post=321"}],"version-history":[{"count":18,"href":"https:\/\/leslocationsdestephanie.fr\/index.php\/wp-json\/wp\/v2\/pages\/321\/revisions"}],"predecessor-version":[{"id":410,"href":"https:\/\/leslocationsdestephanie.fr\/index.php\/wp-json\/wp\/v2\/pages\/321\/revisions\/410"}],"wp:attachment":[{"href":"https:\/\/leslocationsdestephanie.fr\/index.php\/wp-json\/wp\/v2\/media?parent=321"}],"curies":[{"name":"wp","href":"https:\/\/api.w.org\/{rel}","templated":true}]}}